{"id":1703,"date":"2025-05-05T23:39:38","date_gmt":"2025-05-05T23:39:38","guid":{"rendered":"https:\/\/cleanroyal.ch\/?page_id=1703"},"modified":"2025-05-10T16:40:28","modified_gmt":"2025-05-10T16:40:28","slug":"nettoyage-professionnel-pour-particuliers","status":"publish","type":"page","link":"https:\/\/cleanroyal.ch\/de\/nettoyage-professionnel-pour-particuliers\/","title":{"rendered":"Professionelle Reinigung f\u00fcr Privatkunden"},"content":{"rendered":"\t\t<div data-elementor-type=\"wp-page\" data-elementor-id=\"1703\" class=\"elementor elementor-1703\">\n\t\t\t\t\t\t<section class=\"elementor-section elementor-top-section elementor-element elementor-element-29a92037 elementor-section-full_width elementor-section-stretched elementor-section-height-default elementor-section-height-default wpr-particle-no wpr-jarallax-no wpr-parallax-no wpr-sticky-section-no wpr-equal-height-no\" data-id=\"29a92037\" data-element_type=\"section\" data-e-type=\"section\" data-settings=\"{&quot;background_background&quot;:&quot;classic&quot;,&quot;stretch_section&quot;:&quot;section-stretched&quot;}\">\n\t\t\t\t\t\t\t<div class=\"elementor-background-overlay\"><\/div>\n\t\t\t\t\t\t\t<div class=\"elementor-container elementor-column-gap-no\">\n\t\t\t\t\t<div class=\"elementor-column elementor-col-100 elementor-top-column elementor-element elementor-element-21db3c42\" data-id=\"21db3c42\" data-element_type=\"column\" data-e-type=\"column\">\n\t\t\t<div class=\"elementor-widget-wrap elementor-element-populated\">\n\t\t\t\t\t\t<section class=\"elementor-section elementor-inner-section elementor-element elementor-element-4bca52b0 elementor-section-boxed elementor-section-height-default elementor-section-height-default wpr-particle-no wpr-jarallax-no wpr-parallax-no wpr-sticky-section-no wpr-equal-height-no\" data-id=\"4bca52b0\" data-element_type=\"section\" data-e-type=\"section\">\n\t\t\t\t\t\t<div class=\"elementor-container elementor-column-gap-no\">\n\t\t\t\t\t<div class=\"elementor-column elementor-col-100 elementor-inner-column elementor-element elementor-element-5ba751e4 animated-slow elementor-invisible\" data-id=\"5ba751e4\" data-element_type=\"column\" data-e-type=\"column\" data-settings=\"{&quot;animation&quot;:&quot;fadeInLeft&quot;}\">\n\t\t\t<div class=\"elementor-widget-wrap elementor-element-populated\">\n\t\t\t\t\t\t<div class=\"elementor-element elementor-element-48d6611b elementor-widget elementor-widget-heading\" data-id=\"48d6611b\" data-element_type=\"widget\" data-e-type=\"widget\" data-widget_type=\"heading.default\">\n\t\t\t\t<div class=\"elementor-widget-container\">\n\t\t\t\t\t<h3 class=\"elementor-heading-title elementor-size-default\">Clean Royal<\/h3>\t\t\t\t<\/div>\n\t\t\t\t<\/div>\n\t\t\t\t<div class=\"elementor-element elementor-element-48c23939 elementor-widget elementor-widget-heading\" data-id=\"48c23939\" data-element_type=\"widget\" data-e-type=\"widget\" data-widget_type=\"heading.default\">\n\t\t\t\t<div class=\"elementor-widget-container\">\n\t\t\t\t\t<h2 class=\"elementor-heading-title elementor-size-default\">Nettoyage professionnel pour particuliers<\/h2>\t\t\t\t<\/div>\n\t\t\t\t<\/div>\n\t\t\t\t<div class=\"elementor-element elementor-element-2e63f0c4 elementor-widget elementor-widget-text-editor\" data-id=\"2e63f0c4\" data-element_type=\"widget\" data-e-type=\"widget\" data-widget_type=\"text-editor.default\">\n\t\t\t\t<div class=\"elementor-widget-container\">\n\t\t\t\t\t\t\t\t\t<article class=\"text-token-text-primary w-full\" dir=\"auto\" data-testid=\"conversation-turn-36\" data-scroll-anchor=\"true\"><div class=\"text-base my-auto mx-auto py-5 [--thread-content-margin:--spacing(4)] @[37rem]:[--thread-content-margin:--spacing(6)] @[72rem]:[--thread-content-margin:--spacing(16)] px-(--thread-content-margin)\"><div class=\"[--thread-content-max-width:32rem] @[34rem]:[--thread-content-max-width:40rem] @[64rem]:[--thread-content-max-width:48rem] mx-auto flex max-w-(--thread-content-max-width) flex-1 text-base gap-4 md:gap-5 lg:gap-6 group\/turn-messages focus-visible:outline-hidden\" tabindex=\"-1\"><div class=\"group\/conversation-turn relative flex w-full min-w-0 flex-col agent-turn\"><div class=\"relative flex-col gap-1 md:gap-3\"><div class=\"flex max-w-full flex-col grow\"><div class=\"min-h-8 text-message relative flex w-full flex-col items-end gap-2 text-start break-words whitespace-normal [.text-message+&amp;]:mt-5\" dir=\"auto\" data-message-author-role=\"assistant\" data-message-id=\"bc247746-cbe3-4286-9033-7aac3decc186\" data-message-model-slug=\"gpt-4o-mini\"><div class=\"flex w-full flex-col gap-1 empty:hidden first:pt-[3px]\"><div class=\"markdown prose dark:prose-invert w-full break-words light\"><p class=\"\" data-start=\"56\" data-end=\"1045\">Le nettoyage professionnel de locaux dans le canton de Vaud et toute la Suisse romande offre de nombreux avantages pour les entreprises, notamment une augmentation de la productivit\u00e9, une r\u00e9duction du stress et des co\u00fbts r\u00e9duits.<\/p><p class=\"\" data-start=\"56\" data-end=\"1045\">Les professionnels du m\u00e9nage de <strong data-start=\"318\" data-end=\"333\">Clean Royal<\/strong> sont des experts en nettoyage et en entretien de locaux professionnels. Les besoins et exigences varient, car ils ne sont pas les m\u00eames pour les bureaux, centres commerciaux, restaurants ou autres, mais sp\u00e9cifiques \u00e0 chaque domaine. Qu\u2019il s\u2019agisse d\u2019un entretien quotidien ou p\u00e9riodique, <strong data-start=\"622\" data-end=\"637\">Clean Royal<\/strong> est \u00e0 votre service.\u00a0<\/p><p class=\"\" data-start=\"56\" data-end=\"1045\">N\u2019h\u00e9sitez pas \u00e0 nous demander un devis de nettoyage pour entreprise gratuit et sans engagement. Nous prendrons rapidement contact avec vous afin d\u2019\u00e9tablir un cahier des charges sur mesure correspondant \u00e0 vos besoins et exigences. Nos professionnels de nettoyage de locaux interviennent dans <strong>Biel\/ Bienne et environs<\/strong><\/p><\/div><\/div><\/div><\/div><\/div><\/div><\/div><\/div><\/article>\t\t\t\t\t\t\t\t<\/div>\n\t\t\t\t<\/div>\n\t\t\t\t\t<\/div>\n\t\t<\/div>\n\t\t\t\t\t<\/div>\n\t\t<\/section>\n\t\t\t\t\t<\/div>\n\t\t<\/div>\n\t\t\t\t\t<\/div>\n\t\t<\/section>\n\t\t\t\t<\/div>\n\t\t","protected":false},"excerpt":{"rendered":"<p>Clean Royal Nettoyage professionnel pour particuliers Le nettoyage professionnel de locaux dans le canton de Vaud et toute la Suisse romande offre de nombreux avantages pour les entreprises, notamment une augmentation de la productivit\u00e9, une r\u00e9duction du stress et des co\u00fbts r\u00e9duits. Les professionnels du m\u00e9nage de Clean Royal sont des experts en nettoyage et en entretien de locaux professionnels. Les besoins et exigences varient, car ils ne sont pas les m\u00eames pour les bureaux, centres commerciaux, restaurants ou autres, mais sp\u00e9cifiques \u00e0 chaque domaine. Qu\u2019il s\u2019agisse d\u2019un entretien quotidien ou p\u00e9riodique, Clean Royal est \u00e0 votre service.\u00a0 N\u2019h\u00e9sitez pas \u00e0 nous demander un devis de nettoyage pour entreprise gratuit et sans engagement. Nous prendrons rapidement contact avec vous afin d\u2019\u00e9tablir un cahier des charges sur mesure correspondant \u00e0 vos besoins et exigences. Nos professionnels de nettoyage de locaux interviennent dans Biel\/ Bienne et environs<\/p>","protected":false},"author":1,"featured_media":0,"parent":0,"menu_order":0,"comment_status":"closed","ping_status":"closed","template":"","meta":{"footnotes":""},"class_list":["post-1703","page","type-page","status-publish","hentry","entry"],"aioseo_notices":[],"_links":{"self":[{"href":"https:\/\/cleanroyal.ch\/de\/wp-json\/wp\/v2\/pages\/1703","targetHints":{"allow":["GET"]}}],"collection":[{"href":"https:\/\/cleanroyal.ch\/de\/wp-json\/wp\/v2\/pages"}],"about":[{"href":"https:\/\/cleanroyal.ch\/de\/wp-json\/wp\/v2\/types\/page"}],"author":[{"embeddable":true,"href":"https:\/\/cleanroyal.ch\/de\/wp-json\/wp\/v2\/users\/1"}],"replies":[{"embeddable":true,"href":"https:\/\/cleanroyal.ch\/de\/wp-json\/wp\/v2\/comments?post=1703"}],"version-history":[{"count":0,"href":"https:\/\/cleanroyal.ch\/de\/wp-json\/wp\/v2\/pages\/1703\/revisions"}],"wp:attachment":[{"href":"https:\/\/cleanroyal.ch\/de\/wp-json\/wp\/v2\/media?parent=1703"}],"curies":[{"name":"wp","href":"https:\/\/api.w.org\/{rel}","templated":true}]}}