{"id":1314,"date":"2025-05-05T02:22:29","date_gmt":"2025-05-05T02:22:29","guid":{"rendered":"https:\/\/cleanroyal.ch\/?page_id=1314"},"modified":"2025-05-09T17:33:50","modified_gmt":"2025-05-09T17:33:50","slug":"nettoyages-de-fin-de-bail","status":"publish","type":"page","link":"https:\/\/cleanroyal.ch\/de\/nettoyages-de-fin-de-bail\/","title":{"rendered":"Endreinigungen bei Mietende"},"content":{"rendered":"<div data-elementor-type=\"wp-page\" data-elementor-id=\"1314\" class=\"elementor elementor-1314\">\n\t\t\t\t\t\t<section class=\"elementor-section elementor-top-section elementor-element elementor-element-70f5d102 elementor-section-full_width elementor-section-stretched elementor-section-height-default elementor-section-height-default wpr-particle-no wpr-jarallax-no wpr-parallax-no wpr-sticky-section-no wpr-equal-height-no\" data-id=\"70f5d102\" data-element_type=\"section\" data-e-type=\"section\" data-settings=\"{&quot;background_background&quot;:&quot;classic&quot;,&quot;stretch_section&quot;:&quot;section-stretched&quot;}\">\n\t\t\t\t\t\t\t<div class=\"elementor-background-overlay\"><\/div>\n\t\t\t\t\t\t\t<div class=\"elementor-container elementor-column-gap-no\">\n\t\t\t\t\t<div class=\"elementor-column elementor-col-100 elementor-top-column elementor-element elementor-element-179a61f0\" data-id=\"179a61f0\" data-element_type=\"column\" data-e-type=\"column\">\n\t\t\t<div class=\"elementor-widget-wrap elementor-element-populated\">\n\t\t\t\t\t\t<section class=\"elementor-section elementor-inner-section elementor-element elementor-element-2df5e4de elementor-section-boxed elementor-section-height-default elementor-section-height-default wpr-particle-no wpr-jarallax-no wpr-parallax-no wpr-sticky-section-no wpr-equal-height-no\" data-id=\"2df5e4de\" data-element_type=\"section\" data-e-type=\"section\">\n\t\t\t\t\t\t<div class=\"elementor-container elementor-column-gap-no\">\n\t\t\t\t\t<div class=\"elementor-column elementor-col-100 elementor-inner-column elementor-element elementor-element-2ae0a39e animated-slow elementor-invisible\" data-id=\"2ae0a39e\" data-element_type=\"column\" data-e-type=\"column\" data-settings=\"{&quot;animation&quot;:&quot;fadeInLeft&quot;}\">\n\t\t\t<div class=\"elementor-widget-wrap elementor-element-populated\">\n\t\t\t\t\t\t<div class=\"elementor-element elementor-element-786d8a1d elementor-widget elementor-widget-heading\" data-id=\"786d8a1d\" data-element_type=\"widget\" data-e-type=\"widget\" data-widget_type=\"heading.default\">\n\t\t\t\t<div class=\"elementor-widget-container\">\n\t\t\t\t\t<h3 class=\"elementor-heading-title elementor-size-default\">Clean Royal<\/h3>\t\t\t\t<\/div>\n\t\t\t\t<\/div>\n\t\t\t\t<div class=\"elementor-element elementor-element-313551ce elementor-widget elementor-widget-heading\" data-id=\"313551ce\" data-element_type=\"widget\" data-e-type=\"widget\" data-widget_type=\"heading.default\">\n\t\t\t\t<div class=\"elementor-widget-container\">\n\t\t\t\t\t<h2 class=\"elementor-heading-title elementor-size-default\">Endreinigungen bei Mietende<\/h2>\t\t\t\t<\/div>\n\t\t\t\t<\/div>\n\t\t\t\t<div class=\"elementor-element elementor-element-1933eae5 elementor-widget elementor-widget-text-editor\" data-id=\"1933eae5\" data-element_type=\"widget\" data-e-type=\"widget\" data-widget_type=\"text-editor.default\">\n\t\t\t\t<div class=\"elementor-widget-container\">\n\t\t\t\t\t\t\t\t\t<p class=\"\" data-start=\"110\" data-end=\"250\">Ihnen fehlt die Zeit oder Lust, Ihre Wohnung nach dem Umzug zu reinigen? Z\u00f6gern Sie nicht, ein individuelles Angebot anzufordern.<\/p><p class=\"\" data-start=\"252\" data-end=\"359\">Bitte kontaktieren Sie uns rechtzeitig \u2013 idealerweise ein bis zwei Wochen vor Ablauf Ihres Mietvertrags.<\/p><p class=\"\" data-start=\"361\" data-end=\"465\">Wiederherstellung des Zustands der R\u00e4umlichkeiten vor oder nach dem Umzug (auf Anfrage, mit Garantie f\u00fcr den Zustand der R\u00e4umlichkeiten).<\/p>\t\t\t\t\t\t\t\t<\/div>\n\t\t\t\t<\/div>\n\t\t\t\t\t<\/div>\n\t\t<\/div>\n\t\t\t\t\t<\/div>\n\t\t<\/section>\n\t\t\t\t\t<\/div>\n\t\t<\/div>\n\t\t\t\t\t<\/div>\n\t\t<\/section>\n\t\t\t\t<\/div>","protected":false},"excerpt":{"rendered":"<p>Clean Royal Nettoyages de fin de bail Vous manquez de temps ou d\u2019envie pour nettoyer votre logement apr\u00e8s votre d\u00e9m\u00e9nagement ? N\u2019h\u00e9sitez pas \u00e0 solliciter une offre personnalis\u00e9e. Pensez \u00e0 nous joindre suffisamment \u00e0 l\u2019avance, id\u00e9alement entre 1 et 2 semaines avant la fin de votre bail. Remise en \u00e9tat des lieux avant ou apr\u00e8s d\u00e9m\u00e9nagement (sur demande, avec garantie pour l\u2019\u00e9tat des lieux).<\/p>","protected":false},"author":1,"featured_media":0,"parent":0,"menu_order":0,"comment_status":"closed","ping_status":"open","template":"","meta":{"footnotes":""},"class_list":["post-1314","page","type-page","status-publish","hentry","entry"],"aioseo_notices":[],"_links":{"self":[{"href":"https:\/\/cleanroyal.ch\/de\/wp-json\/wp\/v2\/pages\/1314","targetHints":{"allow":["GET"]}}],"collection":[{"href":"https:\/\/cleanroyal.ch\/de\/wp-json\/wp\/v2\/pages"}],"about":[{"href":"https:\/\/cleanroyal.ch\/de\/wp-json\/wp\/v2\/types\/page"}],"author":[{"embeddable":true,"href":"https:\/\/cleanroyal.ch\/de\/wp-json\/wp\/v2\/users\/1"}],"replies":[{"embeddable":true,"href":"https:\/\/cleanroyal.ch\/de\/wp-json\/wp\/v2\/comments?post=1314"}],"version-history":[{"count":0,"href":"https:\/\/cleanroyal.ch\/de\/wp-json\/wp\/v2\/pages\/1314\/revisions"}],"wp:attachment":[{"href":"https:\/\/cleanroyal.ch\/de\/wp-json\/wp\/v2\/media?parent=1314"}],"curies":[{"name":"wp","href":"https:\/\/api.w.org\/{rel}","templated":true}]}}